{"id":97,"date":"2020-08-04T12:09:51","date_gmt":"2020-08-04T10:09:51","guid":{"rendered":"https:\/\/swietokrzyskie.pkps.org.pl\/?page_id=97"},"modified":"2020-08-24T16:38:42","modified_gmt":"2020-08-24T14:38:42","slug":"flora-w-skandynawskich-metodach-aktywizacji-spoleczno-zawodowej","status":"publish","type":"page","link":"https:\/\/swietokrzyskie.pkps.org.pl\/?page_id=97","title":{"rendered":"Flora w skandynawskich metodach aktywizacji spo\u0142eczno-zawodowej"},"content":{"rendered":"\n<p>Projekt realizowany w ramach dzia\u0142a\u0144:&nbsp;&nbsp; \u201d\u015acie\u017cki wsp\u00f3\u0142pracy \u2013 wsparcie dla podmiot\u00f3w wdra\u017caj\u0105cych wsp\u00f3\u0142prac\u0119 mi\u0119dzynarodow\u0105\u201d&nbsp;w ramach dzia\u0142ania:&nbsp;&nbsp;4.3 Wsp\u00f3\u0142praca ponadnarodowa,&nbsp;&nbsp;o\u015b IV. Innowacje spo\u0142eczne i wsp\u00f3\u0142praca ponadnarodowa&nbsp;&nbsp; <br>nr projektu  <strong>164\/2019\/DPE\/W14-01-2019<\/strong><\/p>\n\n\n\n<figure class=\"wp-block-image size-large\"><img loading=\"lazy\" width=\"966\" height=\"86\" src=\"https:\/\/swietokrzyskie.pkps.org.pl\/wp-content\/uploads\/2020\/08\/image.png\" alt=\"\" class=\"wp-image-98\" srcset=\"https:\/\/swietokrzyskie.pkps.org.pl\/wp-content\/uploads\/2020\/08\/image.png 966w, https:\/\/swietokrzyskie.pkps.org.pl\/wp-content\/uploads\/2020\/08\/image-300x27.png 300w, https:\/\/swietokrzyskie.pkps.org.pl\/wp-content\/uploads\/2020\/08\/image-768x68.png 768w\" sizes=\"(max-width: 966px) 100vw, 966px\" \/><\/figure>\n\n\n\n<p>Czas realizacji projektu: II -VIII 2020&nbsp;<\/p>\n\n\n\n<figure class=\"wp-block-embedpress-document embedpress-embed-document\"><iframe style=\"height:600px;width:600px\" src=\"\/\/view.officeapps.live.com\/op\/embed.aspx?src=https:\/\/swietokrzyskie.pkps.org.pl\/wp-content\/uploads\/2020\/08\/Prezentacja1-1.pptx\" mozallowfullscreen=\"true\" webkitallowfullscreen=\"true\"><\/iframe><p class=\"embedpress-el-powered\">Powered By EmbedPress<\/p><\/figure>\n\n\n\n<p><a href=\"https:\/\/www.icloud.com\/iclouddrive\/02HjzlRSvPSratFfC_SQI10aA#flora_w_metodach_rewalidacji\">Plik prezentacji do pobrania<\/a><\/p>\n\n\n\n<p><a href=\"https:\/\/swietokrzyskie.pkps.org.pl\/wp-content\/uploads\/2020\/08\/flora_w_metodach_rewalidacji.pdf\">Plik prezentacji w formacie pdf<\/a><\/p>\n\n\n\n<p><a href=\"https:\/\/swietokrzyskie.pkps.org.pl\/?page_id=128\">Transmisja na \u017cywo z warsztat\u00f3w 26-27 sierpnia 20020<\/a><\/p>\n","protected":false},"excerpt":{"rendered":"<p>Projekt realizowany w ramach dzia\u0142a\u0144:&nbsp;&nbsp; \u201d\u015acie\u017cki wsp\u00f3\u0142pracy \u2013 wsparcie dla podmiot\u00f3w wdra\u017caj\u0105cych wsp\u00f3\u0142prac\u0119 mi\u0119dzynarodow\u0105\u201d&nbsp;w ramach dzia\u0142ania:&nbsp;&nbsp;4.3 Wsp\u00f3\u0142praca ponadnarodowa,&nbsp;&nbsp;o\u015b IV. Innowacje spo\u0142eczne i wsp\u00f3\u0142praca ponadnarodowa&nbsp;&nbsp; nr projektu 164\/2019\/DPE\/W14-01-2019 Czas realizacji projektu: II -VIII 2020&nbsp; Plik prezentacji do pobrania Plik&#8230;<\/p>\n","protected":false},"author":2,"featured_media":0,"parent":0,"menu_order":0,"comment_status":"closed","ping_status":"closed","template":"","meta":{"_links_to":"","_links_to_target":""},"yoast_head":"<!-- This site is optimized with the Yoast SEO plugin v14.1 - https:\/\/yoast.com\/wordpress\/plugins\/seo\/ -->\n<title>Flora w skandynawskich metodach aktywizacji spo\u0142eczno-zawodowej - \u015awi\u0119tokrzyski Zarz\u0105d Wojew\u00f3dzki PKPS<\/title>\n<meta name=\"robots\" content=\"index, follow\" \/>\n<meta name=\"googlebot\" content=\"index, follow, max-snippet:-1, max-image-preview:large, max-video-preview:-1\" \/>\n<meta name=\"bingbot\" content=\"index, follow, max-snippet:-1, max-image-preview:large, max-video-preview:-1\" \/>\n<link rel=\"canonical\" href=\"https:\/\/swietokrzyskie.pkps.org.pl\/?page_id=97\" \/>\n<meta property=\"og:locale\" content=\"en_US\" \/>\n<meta property=\"og:type\" content=\"article\" \/>\n<meta property=\"og:title\" content=\"Flora w skandynawskich metodach aktywizacji spo\u0142eczno-zawodowej - \u015awi\u0119tokrzyski Zarz\u0105d Wojew\u00f3dzki PKPS\" \/>\n<meta property=\"og:description\" content=\"Projekt realizowany w ramach dzia\u0142a\u0144:&nbsp;&nbsp; \u201d\u015acie\u017cki wsp\u00f3\u0142pracy \u2013 wsparcie dla podmiot\u00f3w wdra\u017caj\u0105cych wsp\u00f3\u0142prac\u0119 mi\u0119dzynarodow\u0105\u201d&nbsp;w ramach dzia\u0142ania:&nbsp;&nbsp;4.3 Wsp\u00f3\u0142praca ponadnarodowa,&nbsp;&nbsp;o\u015b IV. Innowacje spo\u0142eczne i wsp\u00f3\u0142praca ponadnarodowa&nbsp;&nbsp; nr projektu 164\/2019\/DPE\/W14-01-2019 Czas realizacji projektu: II -VIII 2020&nbsp; Plik prezentacji do pobrania Plik...\" \/>\n<meta property=\"og:url\" content=\"https:\/\/swietokrzyskie.pkps.org.pl\/?page_id=97\" \/>\n<meta property=\"og:site_name\" content=\"\u015awi\u0119tokrzyski Zarz\u0105d Wojew\u00f3dzki PKPS\" \/>\n<meta property=\"article:modified_time\" content=\"2020-08-24T14:38:42+00:00\" \/>\n<meta property=\"og:image\" content=\"https:\/\/swietokrzyskie.pkps.org.pl\/wp-content\/uploads\/2020\/08\/image.png\" \/>\n<meta name=\"twitter:card\" content=\"summary_large_image\" \/>\n<script type=\"application\/ld+json\" class=\"yoast-schema-graph\">{\"@context\":\"https:\/\/schema.org\",\"@graph\":[{\"@type\":\"WebSite\",\"@id\":\"https:\/\/swietokrzyskie.pkps.org.pl\/#website\",\"url\":\"https:\/\/swietokrzyskie.pkps.org.pl\/\",\"name\":\"\\u015awi\\u0119tokrzyski Zarz\\u0105d Wojew\\u00f3dzki PKPS\",\"description\":\"\",\"potentialAction\":[{\"@type\":\"SearchAction\",\"target\":\"https:\/\/swietokrzyskie.pkps.org.pl\/?s={search_term_string}\",\"query-input\":\"required name=search_term_string\"}],\"inLanguage\":\"en-US\"},{\"@type\":\"ImageObject\",\"@id\":\"https:\/\/swietokrzyskie.pkps.org.pl\/?page_id=97#primaryimage\",\"inLanguage\":\"en-US\",\"url\":\"https:\/\/swietokrzyskie.pkps.org.pl\/wp-content\/uploads\/2020\/08\/image.png\",\"width\":966,\"height\":86},{\"@type\":\"WebPage\",\"@id\":\"https:\/\/swietokrzyskie.pkps.org.pl\/?page_id=97#webpage\",\"url\":\"https:\/\/swietokrzyskie.pkps.org.pl\/?page_id=97\",\"name\":\"Flora w skandynawskich metodach aktywizacji spo\\u0142eczno-zawodowej - \\u015awi\\u0119tokrzyski Zarz\\u0105d Wojew\\u00f3dzki PKPS\",\"isPartOf\":{\"@id\":\"https:\/\/swietokrzyskie.pkps.org.pl\/#website\"},\"primaryImageOfPage\":{\"@id\":\"https:\/\/swietokrzyskie.pkps.org.pl\/?page_id=97#primaryimage\"},\"datePublished\":\"2020-08-04T10:09:51+00:00\",\"dateModified\":\"2020-08-24T14:38:42+00:00\",\"inLanguage\":\"en-US\",\"potentialAction\":[{\"@type\":\"ReadAction\",\"target\":[\"https:\/\/swietokrzyskie.pkps.org.pl\/?page_id=97\"]}]}]}<\/script>\n<!-- \/ Yoast SEO plugin. -->","_links":{"self":[{"href":"https:\/\/swietokrzyskie.pkps.org.pl\/index.php?rest_route=\/wp\/v2\/pages\/97"}],"collection":[{"href":"https:\/\/swietokrzyskie.pkps.org.pl\/index.php?rest_route=\/wp\/v2\/pages"}],"about":[{"href":"https:\/\/swietokrzyskie.pkps.org.pl\/index.php?rest_route=\/wp\/v2\/types\/page"}],"author":[{"embeddable":true,"href":"https:\/\/swietokrzyskie.pkps.org.pl\/index.php?rest_route=\/wp\/v2\/users\/2"}],"replies":[{"embeddable":true,"href":"https:\/\/swietokrzyskie.pkps.org.pl\/index.php?rest_route=%2Fwp%2Fv2%2Fcomments&post=97"}],"version-history":[{"count":13,"href":"https:\/\/swietokrzyskie.pkps.org.pl\/index.php?rest_route=\/wp\/v2\/pages\/97\/revisions"}],"predecessor-version":[{"id":139,"href":"https:\/\/swietokrzyskie.pkps.org.pl\/index.php?rest_route=\/wp\/v2\/pages\/97\/revisions\/139"}],"wp:attachment":[{"href":"https:\/\/swietokrzyskie.pkps.org.pl\/index.php?rest_route=%2Fwp%2Fv2%2Fmedia&parent=97"}],"curies":[{"name":"wp","href":"https:\/\/api.w.org\/{rel}","templated":true}]}}