{"id":128,"date":"2020-08-21T13:49:45","date_gmt":"2020-08-21T11:49:45","guid":{"rendered":"https:\/\/swietokrzyskie.pkps.org.pl\/?page_id=128"},"modified":"2020-08-24T16:44:34","modified_gmt":"2020-08-24T14:44:34","slug":"flora-warsztaty","status":"publish","type":"page","link":"https:\/\/swietokrzyskie.pkps.org.pl\/?page_id=128","title":{"rendered":"Warsztaty &#8220;Flora w skandynawskich metodach aktywizacji spo\u0142eczno-zawodowej&#8221; 26-27 sierpnia 2020"},"content":{"rendered":"","protected":true},"excerpt":{"rendered":"","protected":true},"author":2,"featured_media":0,"parent":0,"menu_order":0,"comment_status":"closed","ping_status":"closed","template":"","meta":{"_links_to":"","_links_to_target":""},"yoast_head":"<!-- This site is optimized with the Yoast SEO plugin v14.1 - https:\/\/yoast.com\/wordpress\/plugins\/seo\/ -->\n<title>Warsztaty &quot;Flora w skandynawskich metodach aktywizacji spo\u0142eczno-zawodowej&quot; 26-27 sierpnia 2020 - \u015awi\u0119tokrzyski Zarz\u0105d Wojew\u00f3dzki PKPS<\/title>\n<meta name=\"robots\" content=\"index, follow\" \/>\n<meta name=\"googlebot\" content=\"index, follow, max-snippet:-1, max-image-preview:large, max-video-preview:-1\" \/>\n<meta name=\"bingbot\" content=\"index, follow, max-snippet:-1, max-image-preview:large, max-video-preview:-1\" \/>\n<link rel=\"canonical\" href=\"https:\/\/swietokrzyskie.pkps.org.pl\/?page_id=128\" \/>\n<meta property=\"og:locale\" content=\"en_US\" \/>\n<meta property=\"og:type\" content=\"article\" \/>\n<meta property=\"og:title\" content=\"Warsztaty &quot;Flora w skandynawskich metodach aktywizacji spo\u0142eczno-zawodowej&quot; 26-27 sierpnia 2020 - \u015awi\u0119tokrzyski Zarz\u0105d Wojew\u00f3dzki PKPS\" \/>\n<meta property=\"og:description\" content=\"There is no excerpt because this is a protected post.\" \/>\n<meta property=\"og:url\" content=\"https:\/\/swietokrzyskie.pkps.org.pl\/?page_id=128\" \/>\n<meta property=\"og:site_name\" content=\"\u015awi\u0119tokrzyski Zarz\u0105d Wojew\u00f3dzki PKPS\" \/>\n<meta property=\"article:modified_time\" content=\"2020-08-24T14:44:34+00:00\" \/>\n<meta name=\"twitter:card\" content=\"summary_large_image\" \/>\n<script type=\"application\/ld+json\" class=\"yoast-schema-graph\">{\"@context\":\"https:\/\/schema.org\",\"@graph\":[{\"@type\":\"WebSite\",\"@id\":\"https:\/\/swietokrzyskie.pkps.org.pl\/#website\",\"url\":\"https:\/\/swietokrzyskie.pkps.org.pl\/\",\"name\":\"\\u015awi\\u0119tokrzyski Zarz\\u0105d Wojew\\u00f3dzki PKPS\",\"description\":\"\",\"potentialAction\":[{\"@type\":\"SearchAction\",\"target\":\"https:\/\/swietokrzyskie.pkps.org.pl\/?s={search_term_string}\",\"query-input\":\"required name=search_term_string\"}],\"inLanguage\":\"en-US\"},{\"@type\":\"WebPage\",\"@id\":\"https:\/\/swietokrzyskie.pkps.org.pl\/?page_id=128#webpage\",\"url\":\"https:\/\/swietokrzyskie.pkps.org.pl\/?page_id=128\",\"name\":\"Warsztaty \\\"Flora w skandynawskich metodach aktywizacji spo\\u0142eczno-zawodowej\\\" 26-27 sierpnia 2020 - \\u015awi\\u0119tokrzyski Zarz\\u0105d Wojew\\u00f3dzki PKPS\",\"isPartOf\":{\"@id\":\"https:\/\/swietokrzyskie.pkps.org.pl\/#website\"},\"datePublished\":\"2020-08-21T11:49:45+00:00\",\"dateModified\":\"2020-08-24T14:44:34+00:00\",\"inLanguage\":\"en-US\",\"potentialAction\":[{\"@type\":\"ReadAction\",\"target\":[\"https:\/\/swietokrzyskie.pkps.org.pl\/?page_id=128\"]}]}]}<\/script>\n<!-- \/ Yoast SEO plugin. -->","_links":{"self":[{"href":"https:\/\/swietokrzyskie.pkps.org.pl\/index.php?rest_route=\/wp\/v2\/pages\/128"}],"collection":[{"href":"https:\/\/swietokrzyskie.pkps.org.pl\/index.php?rest_route=\/wp\/v2\/pages"}],"about":[{"href":"https:\/\/swietokrzyskie.pkps.org.pl\/index.php?rest_route=\/wp\/v2\/types\/page"}],"author":[{"embeddable":true,"href":"https:\/\/swietokrzyskie.pkps.org.pl\/index.php?rest_route=\/wp\/v2\/users\/2"}],"replies":[{"embeddable":true,"href":"https:\/\/swietokrzyskie.pkps.org.pl\/index.php?rest_route=%2Fwp%2Fv2%2Fcomments&post=128"}],"version-history":[{"count":7,"href":"https:\/\/swietokrzyskie.pkps.org.pl\/index.php?rest_route=\/wp\/v2\/pages\/128\/revisions"}],"predecessor-version":[{"id":140,"href":"https:\/\/swietokrzyskie.pkps.org.pl\/index.php?rest_route=\/wp\/v2\/pages\/128\/revisions\/140"}],"wp:attachment":[{"href":"https:\/\/swietokrzyskie.pkps.org.pl\/index.php?rest_route=%2Fwp%2Fv2%2Fmedia&parent=128"}],"curies":[{"name":"wp","href":"https:\/\/api.w.org\/{rel}","templated":true}]}}